{"id":15,"date":"2011-06-10T14:59:52","date_gmt":"2011-06-10T12:59:52","guid":{"rendered":"http:\/\/www.bad-boller-roller.de\/wordpress\/?page_id=15"},"modified":"2020-01-17T00:21:09","modified_gmt":"2020-01-16T23:21:09","slug":"kontakt","status":"publish","type":"page","link":"https:\/\/www.bad-boller-roller.de\/?page_id=15","title":{"rendered":"Kontakt \/ Impressum"},"content":{"rendered":"<p>Verantwortlich f\u00fcr den Inhalt dieser Homepage:<a href=\"http:\/\/www.bad-boller-roller.de\/?attachment_id=457\" rel=\"attachment wp-att-457\"><img loading=\"lazy\" decoding=\"async\" class=\"size-full wp-image-457 alignright\" title=\"BadBollerRollerLogo\" src=\"http:\/\/www.bad-boller-roller.de\/wordpress\/wp-content\/uploads\/BadBollerRollerLogo-e1311776728120.jpg\" alt=\"\" width=\"128\" height=\"131\" \/><\/a><\/p>\n<p>Andreas Milde<br \/>\nScharnhorststra\u00dfe 24<br \/>\n73079 S\u00fc\u00dfen<br \/>\n<a href=\"mailto:teamchef@bad-boller-roller.de\" target=\"_blank\" rel=\"noopener noreferrer\">teamchef@bad-boller-roller.de<\/a><\/p>\n<p><strong>Haftungshinweis:<\/strong><br \/>\nWir betonen hiermit, dass das Team.Bad Boller Roller keinerlei Einfluss auf die Gestaltung und Inhalte der gelinkten Seiten hat. Wir distanzieren uns ausdr\u00fccklich von allen Inhalten aller gelinkten Seiten auf dieser Homepage und machen uns diese Inhalte nicht zu eigen. Diese Erkl\u00e4rung gilt f\u00fcr alle auf dieser Homepage angebrachten Links. Sollten Sie Einw\u00e4nde gegen eine Ver\u00f6ffentlichung haben, senden Sie uns bitte eine E-Mail, wir werden den Eintrag pr\u00fcfen und ggf. entfernen.<\/p>\n","protected":false},"excerpt":{"rendered":"<p>Verantwortlich f\u00fcr den Inhalt dieser Homepage: Andreas Milde Scharnhorststra\u00dfe 24 73079 S\u00fc\u00dfen teamchef@bad-boller-roller.de Haftungshinweis: Wir betonen hiermit, dass das Team.Bad Boller Roller keinerlei Einfluss auf die Gestaltung und Inhalte der <a class=\"more-link\" href=\"https:\/\/www.bad-boller-roller.de\/?page_id=15\">weiterlesen &rarr;<\/a><\/p>\n","protected":false},"author":1,"featured_media":0,"parent":0,"menu_order":0,"comment_status":"closed","ping_status":"closed","template":"","meta":{"_mc_calendar":[],"footnotes":""},"class_list":["post-15","page","type-page","status-publish","hentry"],"_links":{"self":[{"href":"https:\/\/www.bad-boller-roller.de\/index.php?rest_route=\/wp\/v2\/pages\/15","targetHints":{"allow":["GET"]}}],"collection":[{"href":"https:\/\/www.bad-boller-roller.de\/index.php?rest_route=\/wp\/v2\/pages"}],"about":[{"href":"https:\/\/www.bad-boller-roller.de\/index.php?rest_route=\/wp\/v2\/types\/page"}],"author":[{"embeddable":true,"href":"https:\/\/www.bad-boller-roller.de\/index.php?rest_route=\/wp\/v2\/users\/1"}],"replies":[{"embeddable":true,"href":"https:\/\/www.bad-boller-roller.de\/index.php?rest_route=%2Fwp%2Fv2%2Fcomments&post=15"}],"version-history":[{"count":21,"href":"https:\/\/www.bad-boller-roller.de\/index.php?rest_route=\/wp\/v2\/pages\/15\/revisions"}],"predecessor-version":[{"id":1800,"href":"https:\/\/www.bad-boller-roller.de\/index.php?rest_route=\/wp\/v2\/pages\/15\/revisions\/1800"}],"wp:attachment":[{"href":"https:\/\/www.bad-boller-roller.de\/index.php?rest_route=%2Fwp%2Fv2%2Fmedia&parent=15"}],"curies":[{"name":"wp","href":"https:\/\/api.w.org\/{rel}","templated":true}]}}